{"id":2222,"date":"2021-04-15T16:35:43","date_gmt":"2021-04-15T16:35:43","guid":{"rendered":"https:\/\/www.swiss-ski-school.ch\/mentions-legales\/"},"modified":"2023-04-21T09:02:17","modified_gmt":"2023-04-21T07:02:17","slug":"mentions-legales","status":"publish","type":"page","link":"https:\/\/www.swiss-ski-school.ch\/fr\/mentions-legales\/","title":{"rendered":"Mentions l\u00e9gales et Politique de confidentialit\u00e9"},"content":{"rendered":"\t\t<div data-elementor-type=\"wp-page\" data-elementor-id=\"2222\" class=\"elementor elementor-2222 elementor-3\" data-elementor-post-type=\"page\">\n\t\t\t\t\t\t<section class=\"has_ae_slider elementor-section elementor-top-section elementor-element elementor-element-10b13db elementor-section-full_width wrapper-banner elementor-section-height-min-height elementor-section-height-default elementor-section-items-middle ae-bg-gallery-type-default\" data-id=\"10b13db\" data-element_type=\"section\" data-settings=\"{&quot;background_background&quot;:&quot;classic&quot;}\">\n\t\t\t\t\t\t\t<div class=\"elementor-background-overlay\"><\/div>\n\t\t\t\t\t\t\t<div class=\"elementor-container elementor-column-gap-default\">\n\t\t\t\t\t<div class=\"has_ae_slider elementor-column elementor-col-100 elementor-top-column elementor-element elementor-element-a66227a ae-bg-gallery-type-default\" data-id=\"a66227a\" data-element_type=\"column\">\n\t\t\t<div class=\"elementor-widget-wrap elementor-element-populated\">\n\t\t\t\t\t\t<section class=\"has_ae_slider elementor-section elementor-inner-section elementor-element elementor-element-dfbda4d elementor-section-height-min-height elementor-section-content-middle banner-sss elementor-section-boxed elementor-section-height-default ae-bg-gallery-type-default\" data-id=\"dfbda4d\" data-element_type=\"section\">\n\t\t\t\t\t\t<div class=\"elementor-container elementor-column-gap-default\">\n\t\t\t\t\t<div class=\"has_ae_slider elementor-column elementor-col-50 elementor-inner-column elementor-element elementor-element-10def6d ae-bg-gallery-type-default\" data-id=\"10def6d\" data-element_type=\"column\">\n\t\t\t<div class=\"elementor-widget-wrap elementor-element-populated\">\n\t\t\t\t\t\t<div class=\"elementor-element elementor-element-ac48aac elementor-widget elementor-widget-heading\" data-id=\"ac48aac\" data-element_type=\"widget\" data-widget_type=\"heading.default\">\n\t\t\t\t<div class=\"elementor-widget-container\">\n\t\t\t\t\t<h1 class=\"elementor-heading-title elementor-size-default\">Mentions l\u00e9gales et Politique de confidentialit\u00e9<\/h1>\t\t\t\t<\/div>\n\t\t\t\t<\/div>\n\t\t\t\t<div class=\"elementor-element elementor-element-a60b1c3 elementor-widget elementor-widget-heading\" data-id=\"a60b1c3\" data-element_type=\"widget\" data-widget_type=\"heading.default\">\n\t\t\t\t<div class=\"elementor-widget-container\">\n\t\t\t\t\t<h2 class=\"elementor-heading-title elementor-size-default\">Ecole Suisse de Ski<\/h2>\t\t\t\t<\/div>\n\t\t\t\t<\/div>\n\t\t\t\t\t<\/div>\n\t\t<\/div>\n\t\t\t\t<div class=\"has_ae_slider elementor-column elementor-col-50 elementor-inner-column elementor-element elementor-element-cb60ef8 ae-bg-gallery-type-default\" data-id=\"cb60ef8\" data-element_type=\"column\">\n\t\t\t<div class=\"elementor-widget-wrap\">\n\t\t\t\t\t\t\t<\/div>\n\t\t<\/div>\n\t\t\t\t\t<\/div>\n\t\t<\/section>\n\t\t\t\t\t<\/div>\n\t\t<\/div>\n\t\t\t\t\t<\/div>\n\t\t<\/section>\n\t\t\t\t<section class=\"has_ae_slider elementor-section elementor-top-section elementor-element elementor-element-13a73c4 elementor-section-full_width wrapper-content elementor-section-height-min-height elementor-section-height-default elementor-section-items-middle ae-bg-gallery-type-default\" data-id=\"13a73c4\" data-element_type=\"section\">\n\t\t\t\t\t\t<div class=\"elementor-container elementor-column-gap-default\">\n\t\t\t\t\t<div class=\"has_ae_slider elementor-column elementor-col-100 elementor-top-column elementor-element elementor-element-95f828e ae-bg-gallery-type-default\" data-id=\"95f828e\" data-element_type=\"column\">\n\t\t\t<div class=\"elementor-widget-wrap elementor-element-populated\">\n\t\t\t\t\t\t<section class=\"has_ae_slider elementor-section elementor-inner-section elementor-element elementor-element-664946e elementor-section-content-top elementor-section-boxed elementor-section-height-default elementor-section-height-default ae-bg-gallery-type-default\" data-id=\"664946e\" data-element_type=\"section\" data-settings=\"{&quot;background_background&quot;:&quot;classic&quot;}\">\n\t\t\t\t\t\t<div class=\"elementor-container elementor-column-gap-default\">\n\t\t\t\t\t<div class=\"has_ae_slider elementor-column elementor-col-50 elementor-inner-column elementor-element elementor-element-b052f1e ae-bg-gallery-type-default\" data-id=\"b052f1e\" data-element_type=\"column\">\n\t\t\t<div class=\"elementor-widget-wrap elementor-element-populated\">\n\t\t\t\t\t\t<div class=\"elementor-element elementor-element-9be39e9 elementor-widget elementor-widget-heading\" data-id=\"9be39e9\" data-element_type=\"widget\" data-widget_type=\"heading.default\">\n\t\t\t\t<div class=\"elementor-widget-container\">\n\t\t\t\t\t<h3 class=\"elementor-heading-title elementor-size-default\">Editeur du site<\/h3>\t\t\t\t<\/div>\n\t\t\t\t<\/div>\n\t\t\t\t<div class=\"elementor-element elementor-element-d31f661 elementor-widget elementor-widget-text-editor\" data-id=\"d31f661\" data-element_type=\"widget\" data-widget_type=\"text-editor.default\">\n\t\t\t\t<div class=\"elementor-widget-container\">\n\t\t\t\t\t\t\t\t\t<p><strong>Swiss Snowsports<\/strong><br \/>H\u00fchnerhubelstrasse 95<br \/>3123 Belp &#8211; Schweiz<\/p>\n<p>Tel. +41 31 810 41 11<br \/>info@snowsports.ch<\/p>\n\t\t\t\t\t\t\t\t<\/div>\n\t\t\t\t<\/div>\n\t\t\t\t<div class=\"elementor-element elementor-element-a175b82 elementor-widget elementor-widget-heading\" data-id=\"a175b82\" data-element_type=\"widget\" data-widget_type=\"heading.default\">\n\t\t\t\t<div class=\"elementor-widget-container\">\n\t\t\t\t\t<h3 class=\"elementor-heading-title elementor-size-default\">Conception et d\u00e9veloppement<\/h3>\t\t\t\t<\/div>\n\t\t\t\t<\/div>\n\t\t\t\t<div class=\"elementor-element elementor-element-7e280b7 elementor-widget elementor-widget-text-editor\" data-id=\"7e280b7\" data-element_type=\"widget\" data-widget_type=\"text-editor.default\">\n\t\t\t\t<div class=\"elementor-widget-container\">\n\t\t\t\t\t\t\t\t\t<p><b>e.Perspectives SA<br \/><\/b>Boulevard de Saint-Georges, 66<br \/>1205 Gen\u00e8ve &#8211; Suisse<\/p><p>Tel. +41 79 944 46 61<br \/><a href=\"https:\/\/www.e-perspectives.ch\/\" target=\"_blank\" rel=\"noopener\">Site web<\/a><\/p>\t\t\t\t\t\t\t\t<\/div>\n\t\t\t\t<\/div>\n\t\t\t\t<div class=\"elementor-element elementor-element-fbd9e70 elementor-widget elementor-widget-heading\" data-id=\"fbd9e70\" data-element_type=\"widget\" data-widget_type=\"heading.default\">\n\t\t\t\t<div class=\"elementor-widget-container\">\n\t\t\t\t\t<h3 class=\"elementor-heading-title elementor-size-default\">H\u00e9bergement<\/h3>\t\t\t\t<\/div>\n\t\t\t\t<\/div>\n\t\t\t\t<div class=\"elementor-element elementor-element-327c1f0 elementor-widget elementor-widget-text-editor\" data-id=\"327c1f0\" data-element_type=\"widget\" data-widget_type=\"text-editor.default\">\n\t\t\t\t<div class=\"elementor-widget-container\">\n\t\t\t\t\t\t\t\t\t<p><b>Infomaniak<br \/><\/b>Rue Eug\u00e8ne-Marziano 25<br \/>1227 Gen\u00e8ve &#8211; Suisse<\/p>\n<p>Tel. +41 22 820 35 44<br \/><a href=\"https:\/\/www.infomaniak.com\" target=\"_blank\" rel=\"noopener\">Site web<\/a><\/p>\n\t\t\t\t\t\t\t\t<\/div>\n\t\t\t\t<\/div>\n\t\t\t\t<div class=\"elementor-element elementor-element-0ffce05 elementor-widget elementor-widget-heading\" data-id=\"0ffce05\" data-element_type=\"widget\" data-widget_type=\"heading.default\">\n\t\t\t\t<div class=\"elementor-widget-container\">\n\t\t\t\t\t<h3 class=\"elementor-heading-title elementor-size-default\">R\u00e8glement g\u00e9n\u00e9ral sur la protection des donn\u00e9es de l\u2019UE<\/h3>\t\t\t\t<\/div>\n\t\t\t\t<\/div>\n\t\t\t\t<div class=\"elementor-element elementor-element-648c91e elementor-widget elementor-widget-text-editor\" data-id=\"648c91e\" data-element_type=\"widget\" data-widget_type=\"text-editor.default\">\n\t\t\t\t<div class=\"elementor-widget-container\">\n\t\t\t\t\t\t\t\t\t<p>Cher h\u00f4te,<\/p>\n<p>Suite \u00e0 l\u2019entr\u00e9e en vigueur, en mai 2018, du R\u00e8glement g\u00e9n\u00e9ral sur la protection des donn\u00e9es de l\u2019UE, de nouvelles dispositions relatives aux donn\u00e9es personnelles sont appliqu\u00e9es au sein de l\u2019Union Europ\u00e9enne, dont l\u2019objectif est une augmentation de la s\u00e9curit\u00e9. Nous avons nous aussi d\u00e9cid\u00e9 de suivre cette nouvelle r\u00e9glementation, particuli\u00e8rement en ce qui concerne nos h\u00f4tes en provenance de l\u2019UE.<\/p>\n<p>Notre banque de donn\u00e9es contient des informations sur votre adresse et votre attestation de formation. Si vous souhaitez qu\u2019elles soient supprim\u00e9es de nos archives, nous vous prions de nous en faire la demande expresse. Sans nouvelles de votre part, nous les conserverons et continuerons \u00e0 vous envoyer toutes les nouveaut\u00e9s ayant trait \u00e0 notre \u00e9cole.<\/p>\n<p>En vous remerciant de votre confiance, nous esp\u00e9rons vous accueillir \u00e0 nouveau tr\u00e8s prochainement.<\/p>\n\t\t\t\t\t\t\t\t<\/div>\n\t\t\t\t<\/div>\n\t\t\t\t<div class=\"elementor-element elementor-element-3b753b0 elementor-widget elementor-widget-heading\" data-id=\"3b753b0\" data-element_type=\"widget\" data-widget_type=\"heading.default\">\n\t\t\t\t<div class=\"elementor-widget-container\">\n\t\t\t\t\t<h3 class=\"elementor-heading-title elementor-size-default\">Protection des donn\u00e9es<\/h3>\t\t\t\t<\/div>\n\t\t\t\t<\/div>\n\t\t\t\t<div class=\"elementor-element elementor-element-695818d elementor-widget elementor-widget-text-editor\" data-id=\"695818d\" data-element_type=\"widget\" data-widget_type=\"text-editor.default\">\n\t\t\t\t<div class=\"elementor-widget-container\">\n\t\t\t\t\t\t\t\t\t<p>Ce site web utilise Google Analytics, un service web d\u2019analyse de la Google Inc. (Google). Google Analytics utilise des cookies, qui sont des fichiers texte plac\u00e9s sur votre ordinateur pour aider le site Internet \u00e0 analyser l\u2019utilisation du site par ses utilisateurs.<\/p>\n<p>Les donn\u00e9es g\u00e9n\u00e9r\u00e9es par les cookies concernant votre utilisation du site (y compris votre adresse IP) seront transmises et stock\u00e9es par Google sur des serveurs situ\u00e9s aux Etats-Unis. Google utilisera cette information dans le but d\u2019\u00e9valuer votre utilisation du site, de compiler des rapports sur l\u2019activit\u00e9 du site \u00e0 destination de son \u00e9diteur et de fournir d\u2019autres services relatifs \u00e0 l\u2019activit\u00e9 du site et \u00e0 l\u2019utilisation d\u2019Internet.<\/p>\n<p>Google est \u00e9galement susceptible de communiquer ces donn\u00e9es \u00e0 des tiers en cas d\u2019obligation l\u00e9gale ou lorsque ces tiers traitent ces donn\u00e9es pour le compte de Google. Google ne pourra en aucun cas lier votre adresse IP \u00e0 d\u2019autres donn\u00e9es en sa possession. Vous pouvez d\u00e9sactiver l&rsquo;utilisation de cookies en s\u00e9lectionnant les param\u00e8tres appropri\u00e9s de votre navigateur. Mais nous attirons votre attention sur le fait qu&rsquo;il est possible qu&rsquo;en ce cas vous ne pourrez \u00e9ventuellement pas utiliser la totalit\u00e9 des fonctions de ce site Internet.<\/p>\n<p>En utilisant ce site internet, vous consentez express\u00e9ment au traitement de vos donn\u00e9es nominatives par Google dans les conditions et pour les finalit\u00e9s d\u00e9crites ci-dessus.<\/p>\n\t\t\t\t\t\t\t\t<\/div>\n\t\t\t\t<\/div>\n\t\t\t\t\t<\/div>\n\t\t<\/div>\n\t\t\t\t<div class=\"has_ae_slider elementor-column elementor-col-50 elementor-inner-column elementor-element elementor-element-5008818 ae-bg-gallery-type-default\" data-id=\"5008818\" data-element_type=\"column\" data-settings=\"{&quot;background_background&quot;:&quot;classic&quot;}\">\n\t\t\t<div class=\"elementor-widget-wrap elementor-element-populated\">\n\t\t\t\t\t\t<div class=\"elementor-element elementor-element-3b028f7 elementor-widget elementor-widget-image\" data-id=\"3b028f7\" data-element_type=\"widget\" data-widget_type=\"image.default\">\n\t\t\t\t<div class=\"elementor-widget-container\">\n\t\t\t\t\t\t\t\t\t\t\t\t\t\t\t<img fetchpriority=\"high\" decoding=\"async\" width=\"384\" height=\"193\" src=\"https:\/\/www.swiss-ski-school.ch\/wp-content\/uploads\/2021\/03\/Swiss-Ski-School-logo.svg\" class=\"attachment-large size-large wp-image-192\" alt=\"Swiss Ski School for everyone\" \/>\t\t\t\t\t\t\t\t\t\t\t\t\t\t\t<\/div>\n\t\t\t\t<\/div>\n\t\t\t\t\t<\/div>\n\t\t<\/div>\n\t\t\t\t\t<\/div>\n\t\t<\/section>\n\t\t\t\t\t<\/div>\n\t\t<\/div>\n\t\t\t\t\t<\/div>\n\t\t<\/section>\n\t\t\t\t<\/div>\n\t\t","protected":false},"excerpt":{"rendered":"<p>Ecole Suisse de Ski Editeur du site Swiss Snowsports H\u00fchnerhubelstrasse 95 3123 Belp &#8211; Schweiz Tel. +41 31 810 41 11 info@snowsports.ch Conception et d\u00e9veloppement e.Perspectives SA Boulevard de Saint-Georges, 66 1205 Gen\u00e8ve &#8211; Suisse Tel. +41 79 944 46 61 Site web H\u00e9bergement Infomaniak Rue Eug\u00e8ne-Marziano 25 1227 Gen\u00e8ve &#8211; Suisse Tel. +41 22 &#8230; <a title=\"Mentions l\u00e9gales et Politique de confidentialit\u00e9\" class=\"read-more\" href=\"https:\/\/www.swiss-ski-school.ch\/fr\/mentions-legales\/\" aria-label=\"Plus sur Mentions l\u00e9gales et Politique de confidentialit\u00e9\">Lire plus<\/a><\/p>\n","protected":false},"author":1,"featured_media":0,"parent":0,"menu_order":0,"comment_status":"closed","ping_status":"open","template":"elementor_header_footer","meta":{"_acf_changed":false,"footnotes":""},"class_list":["post-2222","page","type-page","status-publish"],"acf":[],"yoast_head":"<!-- This site is optimized with the Yoast SEO plugin v26.0 - https:\/\/yoast.com\/wordpress\/plugins\/seo\/ -->\n<title>Mentions l\u00e9gales et Politique de confidentialit\u00e9 | Swiss Ski School<\/title>\n<meta name=\"description\" content=\"Informations concernant la politique de confidentialit\u00e9, les contacts, le conception graphique et l&#039;h\u00e9bergement du site swiss-ski-school.ch.\" \/>\n<meta name=\"robots\" content=\"index, follow, max-snippet:-1, max-image-preview:large, max-video-preview:-1\" \/>\n<link rel=\"canonical\" href=\"https:\/\/www.swiss-ski-school.ch\/fr\/mentions-legales\/\" \/>\n<meta property=\"og:locale\" content=\"fr_FR\" \/>\n<meta property=\"og:type\" content=\"article\" \/>\n<meta property=\"og:title\" content=\"Mentions l\u00e9gales et Politique de confidentialit\u00e9 | Swiss Ski School\" \/>\n<meta property=\"og:description\" content=\"Informations concernant la politique de confidentialit\u00e9, les contacts, le conception graphique et l&#039;h\u00e9bergement du site swiss-ski-school.ch.\" \/>\n<meta property=\"og:url\" content=\"https:\/\/www.swiss-ski-school.ch\/fr\/mentions-legales\/\" \/>\n<meta property=\"og:site_name\" content=\"Swiss Ski School\" \/>\n<meta property=\"article:modified_time\" content=\"2023-04-21T07:02:17+00:00\" \/>\n<meta property=\"og:image\" content=\"https:\/\/www.swiss-ski-school.ch\/wp-content\/uploads\/2021\/03\/Swiss-Ski-School-logo.svg\" \/>\n<meta name=\"twitter:card\" content=\"summary_large_image\" \/>\n<meta name=\"twitter:label1\" content=\"Dur\u00e9e de lecture estim\u00e9e\" \/>\n\t<meta name=\"twitter:data1\" content=\"3 minutes\" \/>\n<script type=\"application\/ld+json\" class=\"yoast-schema-graph\">{\"@context\":\"https:\/\/schema.org\",\"@graph\":[{\"@type\":\"WebPage\",\"@id\":\"https:\/\/www.swiss-ski-school.ch\/fr\/mentions-legales\/\",\"url\":\"https:\/\/www.swiss-ski-school.ch\/fr\/mentions-legales\/\",\"name\":\"Mentions l\u00e9gales et Politique de confidentialit\u00e9 | Swiss Ski School\",\"isPartOf\":{\"@id\":\"https:\/\/www.swiss-ski-school.ch\/fr\/#website\"},\"primaryImageOfPage\":{\"@id\":\"https:\/\/www.swiss-ski-school.ch\/fr\/mentions-legales\/#primaryimage\"},\"image\":{\"@id\":\"https:\/\/www.swiss-ski-school.ch\/fr\/mentions-legales\/#primaryimage\"},\"thumbnailUrl\":\"https:\/\/www.swiss-ski-school.ch\/wp-content\/uploads\/2021\/03\/Swiss-Ski-School-logo.svg\",\"datePublished\":\"2021-04-15T16:35:43+00:00\",\"dateModified\":\"2023-04-21T07:02:17+00:00\",\"description\":\"Informations concernant la politique de confidentialit\u00e9, les contacts, le conception graphique et l'h\u00e9bergement du site swiss-ski-school.ch.\",\"breadcrumb\":{\"@id\":\"https:\/\/www.swiss-ski-school.ch\/fr\/mentions-legales\/#breadcrumb\"},\"inLanguage\":\"fr-FR\",\"potentialAction\":[{\"@type\":\"ReadAction\",\"target\":[\"https:\/\/www.swiss-ski-school.ch\/fr\/mentions-legales\/\"]}]},{\"@type\":\"ImageObject\",\"inLanguage\":\"fr-FR\",\"@id\":\"https:\/\/www.swiss-ski-school.ch\/fr\/mentions-legales\/#primaryimage\",\"url\":\"https:\/\/www.swiss-ski-school.ch\/wp-content\/uploads\/2021\/03\/Swiss-Ski-School-logo.svg\",\"contentUrl\":\"https:\/\/www.swiss-ski-school.ch\/wp-content\/uploads\/2021\/03\/Swiss-Ski-School-logo.svg\"},{\"@type\":\"BreadcrumbList\",\"@id\":\"https:\/\/www.swiss-ski-school.ch\/fr\/mentions-legales\/#breadcrumb\",\"itemListElement\":[{\"@type\":\"ListItem\",\"position\":1,\"name\":\"Accueil\",\"item\":\"https:\/\/www.swiss-ski-school.ch\/fr\/\"},{\"@type\":\"ListItem\",\"position\":2,\"name\":\"Mentions l\u00e9gales et Politique de confidentialit\u00e9\"}]},{\"@type\":\"WebSite\",\"@id\":\"https:\/\/www.swiss-ski-school.ch\/fr\/#website\",\"url\":\"https:\/\/www.swiss-ski-school.ch\/fr\/\",\"name\":\"Swiss Ski School\",\"description\":\"Swiss Ski School for everyone\",\"publisher\":{\"@id\":\"https:\/\/www.swiss-ski-school.ch\/fr\/#organization\"},\"potentialAction\":[{\"@type\":\"SearchAction\",\"target\":{\"@type\":\"EntryPoint\",\"urlTemplate\":\"https:\/\/www.swiss-ski-school.ch\/fr\/?s={search_term_string}\"},\"query-input\":{\"@type\":\"PropertyValueSpecification\",\"valueRequired\":true,\"valueName\":\"search_term_string\"}}],\"inLanguage\":\"fr-FR\"},{\"@type\":\"Organization\",\"@id\":\"https:\/\/www.swiss-ski-school.ch\/fr\/#organization\",\"name\":\"Swiss Ski School\",\"url\":\"https:\/\/www.swiss-ski-school.ch\/fr\/\",\"logo\":{\"@type\":\"ImageObject\",\"inLanguage\":\"fr-FR\",\"@id\":\"https:\/\/www.swiss-ski-school.ch\/fr\/#\/schema\/logo\/image\/\",\"url\":\"https:\/\/www.swiss-ski-school.ch\/wp-content\/uploads\/2021\/03\/Swiss-Ski-School-logo.svg\",\"contentUrl\":\"https:\/\/www.swiss-ski-school.ch\/wp-content\/uploads\/2021\/03\/Swiss-Ski-School-logo.svg\",\"width\":384,\"height\":192.96,\"caption\":\"Swiss Ski School\"},\"image\":{\"@id\":\"https:\/\/www.swiss-ski-school.ch\/fr\/#\/schema\/logo\/image\/\"}}]}<\/script>\n<!-- \/ Yoast SEO plugin. -->","yoast_head_json":{"title":"Mentions l\u00e9gales et Politique de confidentialit\u00e9 | Swiss Ski School","description":"Informations concernant la politique de confidentialit\u00e9, les contacts, le conception graphique et l'h\u00e9bergement du site swiss-ski-school.ch.","robots":{"index":"index","follow":"follow","max-snippet":"max-snippet:-1","max-image-preview":"max-image-preview:large","max-video-preview":"max-video-preview:-1"},"canonical":"https:\/\/www.swiss-ski-school.ch\/fr\/mentions-legales\/","og_locale":"fr_FR","og_type":"article","og_title":"Mentions l\u00e9gales et Politique de confidentialit\u00e9 | Swiss Ski School","og_description":"Informations concernant la politique de confidentialit\u00e9, les contacts, le conception graphique et l'h\u00e9bergement du site swiss-ski-school.ch.","og_url":"https:\/\/www.swiss-ski-school.ch\/fr\/mentions-legales\/","og_site_name":"Swiss Ski School","article_modified_time":"2023-04-21T07:02:17+00:00","og_image":[{"url":"https:\/\/www.swiss-ski-school.ch\/wp-content\/uploads\/2021\/03\/Swiss-Ski-School-logo.svg","type":"","width":"","height":""}],"twitter_card":"summary_large_image","twitter_misc":{"Dur\u00e9e de lecture estim\u00e9e":"3 minutes"},"schema":{"@context":"https:\/\/schema.org","@graph":[{"@type":"WebPage","@id":"https:\/\/www.swiss-ski-school.ch\/fr\/mentions-legales\/","url":"https:\/\/www.swiss-ski-school.ch\/fr\/mentions-legales\/","name":"Mentions l\u00e9gales et Politique de confidentialit\u00e9 | Swiss Ski School","isPartOf":{"@id":"https:\/\/www.swiss-ski-school.ch\/fr\/#website"},"primaryImageOfPage":{"@id":"https:\/\/www.swiss-ski-school.ch\/fr\/mentions-legales\/#primaryimage"},"image":{"@id":"https:\/\/www.swiss-ski-school.ch\/fr\/mentions-legales\/#primaryimage"},"thumbnailUrl":"https:\/\/www.swiss-ski-school.ch\/wp-content\/uploads\/2021\/03\/Swiss-Ski-School-logo.svg","datePublished":"2021-04-15T16:35:43+00:00","dateModified":"2023-04-21T07:02:17+00:00","description":"Informations concernant la politique de confidentialit\u00e9, les contacts, le conception graphique et l'h\u00e9bergement du site swiss-ski-school.ch.","breadcrumb":{"@id":"https:\/\/www.swiss-ski-school.ch\/fr\/mentions-legales\/#breadcrumb"},"inLanguage":"fr-FR","potentialAction":[{"@type":"ReadAction","target":["https:\/\/www.swiss-ski-school.ch\/fr\/mentions-legales\/"]}]},{"@type":"ImageObject","inLanguage":"fr-FR","@id":"https:\/\/www.swiss-ski-school.ch\/fr\/mentions-legales\/#primaryimage","url":"https:\/\/www.swiss-ski-school.ch\/wp-content\/uploads\/2021\/03\/Swiss-Ski-School-logo.svg","contentUrl":"https:\/\/www.swiss-ski-school.ch\/wp-content\/uploads\/2021\/03\/Swiss-Ski-School-logo.svg"},{"@type":"BreadcrumbList","@id":"https:\/\/www.swiss-ski-school.ch\/fr\/mentions-legales\/#breadcrumb","itemListElement":[{"@type":"ListItem","position":1,"name":"Accueil","item":"https:\/\/www.swiss-ski-school.ch\/fr\/"},{"@type":"ListItem","position":2,"name":"Mentions l\u00e9gales et Politique de confidentialit\u00e9"}]},{"@type":"WebSite","@id":"https:\/\/www.swiss-ski-school.ch\/fr\/#website","url":"https:\/\/www.swiss-ski-school.ch\/fr\/","name":"Swiss Ski School","description":"Swiss Ski School for everyone","publisher":{"@id":"https:\/\/www.swiss-ski-school.ch\/fr\/#organization"},"potentialAction":[{"@type":"SearchAction","target":{"@type":"EntryPoint","urlTemplate":"https:\/\/www.swiss-ski-school.ch\/fr\/?s={search_term_string}"},"query-input":{"@type":"PropertyValueSpecification","valueRequired":true,"valueName":"search_term_string"}}],"inLanguage":"fr-FR"},{"@type":"Organization","@id":"https:\/\/www.swiss-ski-school.ch\/fr\/#organization","name":"Swiss Ski School","url":"https:\/\/www.swiss-ski-school.ch\/fr\/","logo":{"@type":"ImageObject","inLanguage":"fr-FR","@id":"https:\/\/www.swiss-ski-school.ch\/fr\/#\/schema\/logo\/image\/","url":"https:\/\/www.swiss-ski-school.ch\/wp-content\/uploads\/2021\/03\/Swiss-Ski-School-logo.svg","contentUrl":"https:\/\/www.swiss-ski-school.ch\/wp-content\/uploads\/2021\/03\/Swiss-Ski-School-logo.svg","width":384,"height":192.96,"caption":"Swiss Ski School"},"image":{"@id":"https:\/\/www.swiss-ski-school.ch\/fr\/#\/schema\/logo\/image\/"}}]}},"_links":{"self":[{"href":"https:\/\/www.swiss-ski-school.ch\/fr\/wp-json\/wp\/v2\/pages\/2222","targetHints":{"allow":["GET"]}}],"collection":[{"href":"https:\/\/www.swiss-ski-school.ch\/fr\/wp-json\/wp\/v2\/pages"}],"about":[{"href":"https:\/\/www.swiss-ski-school.ch\/fr\/wp-json\/wp\/v2\/types\/page"}],"author":[{"embeddable":true,"href":"https:\/\/www.swiss-ski-school.ch\/fr\/wp-json\/wp\/v2\/users\/1"}],"replies":[{"embeddable":true,"href":"https:\/\/www.swiss-ski-school.ch\/fr\/wp-json\/wp\/v2\/comments?post=2222"}],"version-history":[{"count":0,"href":"https:\/\/www.swiss-ski-school.ch\/fr\/wp-json\/wp\/v2\/pages\/2222\/revisions"}],"wp:attachment":[{"href":"https:\/\/www.swiss-ski-school.ch\/fr\/wp-json\/wp\/v2\/media?parent=2222"}],"curies":[{"name":"wp","href":"https:\/\/api.w.org\/{rel}","templated":true}]}}