{"id":2746,"date":"2021-05-07T13:38:34","date_gmt":"2021-05-07T13:38:34","guid":{"rendered":"https:\/\/www.swiss-ski-school.ch\/?page_id=2746"},"modified":"2021-05-07T13:38:35","modified_gmt":"2021-05-07T13:38:35","slug":"mymagicmoment","status":"publish","type":"page","link":"https:\/\/www.swiss-ski-school.ch\/fr\/mymagicmoment\/","title":{"rendered":"#MyMagicMoment"},"content":{"rendered":"\t\t<div data-elementor-type=\"wp-page\" data-elementor-id=\"2746\" class=\"elementor elementor-2746 elementor-2744\" data-elementor-post-type=\"page\">\n\t\t\t\t\t\t<section class=\"has_ae_slider elementor-section elementor-top-section elementor-element elementor-element-b228509 elementor-section-full_width wrapper-banner elementor-section-height-min-height elementor-section-height-default elementor-section-items-middle ae-bg-gallery-type-default\" data-id=\"b228509\" data-element_type=\"section\" data-settings=\"{&quot;background_background&quot;:&quot;classic&quot;}\">\n\t\t\t\t\t\t\t<div class=\"elementor-background-overlay\"><\/div>\n\t\t\t\t\t\t\t<div class=\"elementor-container elementor-column-gap-default\">\n\t\t\t\t\t<div class=\"has_ae_slider elementor-column elementor-col-100 elementor-top-column elementor-element elementor-element-77ad968 ae-bg-gallery-type-default\" data-id=\"77ad968\" data-element_type=\"column\">\n\t\t\t<div class=\"elementor-widget-wrap elementor-element-populated\">\n\t\t\t\t\t\t<section class=\"has_ae_slider elementor-section elementor-inner-section elementor-element elementor-element-28c00bd elementor-section-height-min-height elementor-section-content-middle banner-sss elementor-section-boxed elementor-section-height-default ae-bg-gallery-type-default\" data-id=\"28c00bd\" data-element_type=\"section\">\n\t\t\t\t\t\t<div class=\"elementor-container elementor-column-gap-default\">\n\t\t\t\t\t<div class=\"has_ae_slider elementor-column elementor-col-50 elementor-inner-column elementor-element elementor-element-9372619 ae-bg-gallery-type-default\" data-id=\"9372619\" data-element_type=\"column\">\n\t\t\t<div class=\"elementor-widget-wrap elementor-element-populated\">\n\t\t\t\t\t\t<div class=\"elementor-element elementor-element-a7b2e83 elementor-widget elementor-widget-heading\" data-id=\"a7b2e83\" data-element_type=\"widget\" data-widget_type=\"heading.default\">\n\t\t\t\t<div class=\"elementor-widget-container\">\n\t\t\t\t\t<h1 class=\"elementor-heading-title elementor-size-default\">#MyMagicMoment<\/h1>\t\t\t\t<\/div>\n\t\t\t\t<\/div>\n\t\t\t\t<div class=\"elementor-element elementor-element-0dfff87 elementor-widget elementor-widget-heading\" data-id=\"0dfff87\" data-element_type=\"widget\" data-widget_type=\"heading.default\">\n\t\t\t\t<div class=\"elementor-widget-container\">\n\t\t\t\t\t<h2 class=\"elementor-heading-title elementor-size-default\">Avez-vous v\u00e9cu une exp\u00e9rience surprenante et originale pendant une le\u00e7on \u00e0 l'Ecole Suisse de Ski? Redonnez vie \u00e0 ce moment en le partageant sur instagram avec le hashtag #mymagicmoment.<\/h2>\t\t\t\t<\/div>\n\t\t\t\t<\/div>\n\t\t\t\t\t<\/div>\n\t\t<\/div>\n\t\t\t\t<div class=\"has_ae_slider elementor-column elementor-col-50 elementor-inner-column elementor-element elementor-element-60b4559 ae-bg-gallery-type-default\" data-id=\"60b4559\" data-element_type=\"column\">\n\t\t\t<div class=\"elementor-widget-wrap\">\n\t\t\t\t\t\t\t<\/div>\n\t\t<\/div>\n\t\t\t\t\t<\/div>\n\t\t<\/section>\n\t\t\t\t\t<\/div>\n\t\t<\/div>\n\t\t\t\t\t<\/div>\n\t\t<\/section>\n\t\t\t\t<section class=\"has_ae_slider elementor-section elementor-top-section elementor-element elementor-element-e2694ef elementor-section-full_width wrapper-content elementor-section-height-min-height elementor-section-height-default elementor-section-items-middle ae-bg-gallery-type-default\" data-id=\"e2694ef\" data-element_type=\"section\">\n\t\t\t\t\t\t<div class=\"elementor-container elementor-column-gap-default\">\n\t\t\t\t\t<div class=\"has_ae_slider elementor-column elementor-col-100 elementor-top-column elementor-element elementor-element-7ac4051 ae-bg-gallery-type-default\" data-id=\"7ac4051\" data-element_type=\"column\">\n\t\t\t<div class=\"elementor-widget-wrap elementor-element-populated\">\n\t\t\t\t\t\t<section class=\"has_ae_slider elementor-section elementor-inner-section elementor-element elementor-element-6b1c3fe elementor-section-boxed elementor-section-height-default elementor-section-height-default ae-bg-gallery-type-default\" data-id=\"6b1c3fe\" data-element_type=\"section\">\n\t\t\t\t\t\t<div class=\"elementor-container elementor-column-gap-default\">\n\t\t\t\t\t<div class=\"has_ae_slider elementor-column elementor-col-100 elementor-inner-column elementor-element elementor-element-452a96a ae-bg-gallery-type-default\" data-id=\"452a96a\" data-element_type=\"column\">\n\t\t\t<div class=\"elementor-widget-wrap elementor-element-populated\">\n\t\t\t\t\t\t<div class=\"elementor-element elementor-element-8129215 elementor-widget elementor-widget-text-editor\" data-id=\"8129215\" data-element_type=\"widget\" data-widget_type=\"text-editor.default\">\n\t\t\t\t<div class=\"elementor-widget-container\">\n\t\t\t\t\t\t\t\t\t<p>\t\t\t\t\t\t<div class=\"ae_data elementor elementor-1022 elementor-447\" data-aetid=\"1022\">\n\t\t\t\t\t\t<div data-elementor-type=\"wp-post\" data-elementor-id=\"1022\" class=\"elementor elementor-1022 elementor-447\" data-elementor-post-type=\"ae_global_templates\">\n\t\t\t\t\t\t<section class=\"has_ae_slider elementor-section elementor-top-section elementor-element elementor-element-c1ed779 animated-fast elementor-section-boxed elementor-section-height-default elementor-section-height-default ae-bg-gallery-type-default elementor-invisible\" data-id=\"c1ed779\" data-element_type=\"section\" data-settings=\"{&quot;animation&quot;:&quot;fadeIn&quot;}\">\n\t\t\t\t\t\t<div class=\"elementor-container elementor-column-gap-default\">\n\t\t\t\t\t<div class=\"has_ae_slider elementor-column elementor-col-100 elementor-top-column elementor-element elementor-element-b1a5eb6 ae-bg-gallery-type-default\" data-id=\"b1a5eb6\" data-element_type=\"column\">\n\t\t\t<div class=\"elementor-widget-wrap elementor-element-populated\">\n\t\t\t\t\t\t<section data-ae-url=\"\/fr\/ecoles\/\" class=\"has_ae_slider elementor-section elementor-inner-section elementor-element elementor-element-7e0edeb elementor-section-height-min-height ae-link-yes elementor-hidden-tablet elementor-hidden-phone elementor-section-boxed elementor-section-height-default ae-bg-gallery-type-default\" data-id=\"7e0edeb\" data-element_type=\"section\" data-settings=\"{&quot;background_background&quot;:&quot;classic&quot;}\">\n\t\t\t\t\t\t<div class=\"elementor-container elementor-column-gap-default\">\n\t\t\t\t\t<div class=\"has_ae_slider elementor-column elementor-col-33 elementor-inner-column elementor-element elementor-element-a03624e elementor-hidden-phone ae-bg-gallery-type-default\" data-id=\"a03624e\" data-element_type=\"column\" data-settings=\"{&quot;background_background&quot;:&quot;classic&quot;}\">\n\t\t\t<div class=\"elementor-widget-wrap elementor-element-populated\">\n\t\t\t\t\t\t<div class=\"elementor-element elementor-element-445478f elementor-view-default elementor-widget elementor-widget-icon\" data-id=\"445478f\" data-element_type=\"widget\" data-widget_type=\"icon.default\">\n\t\t\t\t<div class=\"elementor-widget-container\">\n\t\t\t\t\t\t\t<div class=\"elementor-icon-wrapper\">\n\t\t\t<div class=\"elementor-icon\">\n\t\t\t<svg xmlns=\"http:\/\/www.w3.org\/2000\/svg\" xmlns:xlink=\"http:\/\/www.w3.org\/1999\/xlink\" id=\"Capa_1\" x=\"0px\" y=\"0px\" viewBox=\"0 0 512 512\" style=\"enable-background:new 0 0 512 512;\" xml:space=\"preserve\"><g>\t<g>\t\t<path d=\"M76,211H15c-8.284,0-15,6.716-15,15s6.716,15,15,15h61c8.284,0,15-6.716,15-15S84.284,211,76,211z\"><\/path>\t<\/g><\/g><g>\t<g>\t\t<path d=\"M466,211h-60c-8.284,0-15,6.716-15,15s6.716,15,15,15h60c8.284,0,15-6.716,15-15S474.284,211,466,211z\"><\/path>\t<\/g><\/g><g>\t<g>\t\t<path d=\"M410.706,56.295c-5.857-5.858-15.355-5.858-21.213,0l-42.426,42.426c-5.858,5.858-5.858,15.355,0,21.213   c5.857,5.858,15.355,5.859,21.213,0l42.426-42.426C416.564,71.649,416.564,62.152,410.706,56.295z\"><\/path>\t<\/g><\/g><g>\t<g>\t\t<path d=\"M134.934,98.721L92.507,56.295c-5.857-5.859-15.355-5.859-21.212,0c-5.858,5.858-5.858,15.355,0,21.213l42.426,42.426   c5.857,5.858,15.355,5.859,21.213,0C140.792,114.076,140.792,104.579,134.934,98.721z\"><\/path>\t<\/g><\/g><g>\t<g>\t\t<path d=\"M241,0c-8.284,0-15,6.716-15,15v61c0,8.284,6.716,15,15,15s15-6.716,15-15V15C256,6.716,249.284,0,241,0z\"><\/path>\t<\/g><\/g><g>\t<g>\t\t<path d=\"M509.388,488.541l-151.236-221.49C360.039,258.532,361,249.802,361,241c0-66.168-53.832-120-120-120s-120,53.832-120,120   c0,26.005,8.183,50.751,23.665,71.563c11.225,15.089,25.52,27.115,41.964,35.451l-38.998,58.496L118,367   c-2.831-3.774-7.272-5.997-11.99-6c-0.003,0-0.006,0-0.01,0c-4.714,0-9.154,2.216-11.988,5.984l-91,121   c-3.417,4.543-3.972,10.628-1.433,15.715C4.118,508.786,9.315,512,15,512c14.366,0,467.682,0,482,0   c5.562,0,10.667-3.078,13.264-7.996C512.861,499.086,512.524,493.134,509.388,488.541z M151,241c0-49.626,40.374-90,90-90   c44.26,0,81.158,32.115,88.621,74.266l-1.233-1.806c-2.796-4.095-7.433-6.542-12.387-6.542c-0.028,0-0.056,0-0.084,0   c-4.986,0.028-9.632,2.531-12.397,6.68l-60.557,90.841l-4.46-6.727c-2.775-4.186-7.46-6.705-12.483-6.711   c-0.006,0-0.012,0-0.019,0c-5.015,0-9.699,2.506-12.48,6.679l-10.097,15.145C171.664,308.316,151,276.685,151,241z M45.05,482   l60.934-81.022l30.369,40.492c2.921,3.895,7.557,6.126,12.416,5.994c4.866-0.135,9.364-2.623,12.065-6.673l65.132-97.697   L318.058,482H45.05z M354.053,482L260.94,341.555l55.209-82.818C327.36,275.156,460.693,470.428,468.595,482H354.053z\"><\/path>\t<\/g><\/g><g><\/g><g><\/g><g><\/g><g><\/g><g><\/g><g><\/g><g><\/g><g><\/g><g><\/g><g><\/g><g><\/g><g><\/g><g><\/g><g><\/g><g><\/g><\/svg>\t\t\t<\/div>\n\t\t<\/div>\n\t\t\t\t\t\t<\/div>\n\t\t\t\t<\/div>\n\t\t\t\t\t<\/div>\n\t\t<\/div>\n\t\t\t\t<div class=\"has_ae_slider elementor-column elementor-col-33 elementor-inner-column elementor-element elementor-element-53eb98d ae-bg-gallery-type-default\" data-id=\"53eb98d\" data-element_type=\"column\">\n\t\t\t<div class=\"elementor-widget-wrap elementor-element-populated\">\n\t\t\t\t\t\t<div class=\"elementor-element elementor-element-0a241ea booking-btn elementor-widget elementor-widget-text-editor\" data-id=\"0a241ea\" data-element_type=\"widget\" data-widget_type=\"text-editor.default\">\n\t\t\t\t<div class=\"elementor-widget-container\">\n\t\t\t\t\t\t\t\t\tRechercher<br \/>\n<span>Cours et Activit\u00e9s<\/span>\t\t\t\t\t\t\t\t<\/div>\n\t\t\t\t<\/div>\n\t\t\t\t\t<\/div>\n\t\t<\/div>\n\t\t\t\t<div class=\"has_ae_slider elementor-column elementor-col-33 elementor-inner-column elementor-element elementor-element-50dc025 ae-bg-gallery-type-default\" data-id=\"50dc025\" data-element_type=\"column\">\n\t\t\t<div class=\"elementor-widget-wrap elementor-element-populated\">\n\t\t\t\t\t\t<div class=\"elementor-element elementor-element-cfc696f elementor-hidden-phone elementor-view-default elementor-widget elementor-widget-icon\" data-id=\"cfc696f\" data-element_type=\"widget\" data-widget_type=\"icon.default\">\n\t\t\t\t<div class=\"elementor-widget-container\">\n\t\t\t\t\t\t\t<div class=\"elementor-icon-wrapper\">\n\t\t\t<div class=\"elementor-icon\">\n\t\t\t<i aria-hidden=\"true\" class=\"fas fa-angle-right\"><\/i>\t\t\t<\/div>\n\t\t<\/div>\n\t\t\t\t\t\t<\/div>\n\t\t\t\t<\/div>\n\t\t\t\t\t<\/div>\n\t\t<\/div>\n\t\t\t\t\t<\/div>\n\t\t<\/section>\n\t\t\t\t<section class=\"has_ae_slider elementor-section elementor-inner-section elementor-element elementor-element-3c95823 elementor-section-height-min-height elementor-hidden-desktop elementor-section-boxed elementor-section-height-default ae-bg-gallery-type-default\" data-id=\"3c95823\" data-element_type=\"section\">\n\t\t\t\t\t\t<div class=\"elementor-container elementor-column-gap-default\">\n\t\t\t\t\t<div class=\"has_ae_slider elementor-column elementor-col-100 elementor-inner-column elementor-element elementor-element-2694865 ae-bg-gallery-type-default\" data-id=\"2694865\" data-element_type=\"column\">\n\t\t\t<div class=\"elementor-widget-wrap elementor-element-populated\">\n\t\t\t\t\t\t<div class=\"elementor-element elementor-element-012fe00 elementor-align-center elementor-widget elementor-widget-button\" data-id=\"012fe00\" data-element_type=\"widget\" data-widget_type=\"button.default\">\n\t\t\t\t<div class=\"elementor-widget-container\">\n\t\t\t\t\t\t\t\t\t<div class=\"elementor-button-wrapper\">\n\t\t\t\t\t<a class=\"elementor-button elementor-button-link elementor-size-sm\" href=\"\/fr\/ecoles\/\">\n\t\t\t\t\t\t<span class=\"elementor-button-content-wrapper\">\n\t\t\t\t\t\t<span class=\"elementor-button-icon\">\n\t\t\t\t<svg xmlns=\"http:\/\/www.w3.org\/2000\/svg\" xmlns:xlink=\"http:\/\/www.w3.org\/1999\/xlink\" id=\"Capa_1\" x=\"0px\" y=\"0px\" viewBox=\"0 0 512 512\" style=\"enable-background:new 0 0 512 512;\" xml:space=\"preserve\"><g>\t<g>\t\t<path d=\"M76,211H15c-8.284,0-15,6.716-15,15s6.716,15,15,15h61c8.284,0,15-6.716,15-15S84.284,211,76,211z\"><\/path>\t<\/g><\/g><g>\t<g>\t\t<path d=\"M466,211h-60c-8.284,0-15,6.716-15,15s6.716,15,15,15h60c8.284,0,15-6.716,15-15S474.284,211,466,211z\"><\/path>\t<\/g><\/g><g>\t<g>\t\t<path d=\"M410.706,56.295c-5.857-5.858-15.355-5.858-21.213,0l-42.426,42.426c-5.858,5.858-5.858,15.355,0,21.213   c5.857,5.858,15.355,5.859,21.213,0l42.426-42.426C416.564,71.649,416.564,62.152,410.706,56.295z\"><\/path>\t<\/g><\/g><g>\t<g>\t\t<path d=\"M134.934,98.721L92.507,56.295c-5.857-5.859-15.355-5.859-21.212,0c-5.858,5.858-5.858,15.355,0,21.213l42.426,42.426   c5.857,5.858,15.355,5.859,21.213,0C140.792,114.076,140.792,104.579,134.934,98.721z\"><\/path>\t<\/g><\/g><g>\t<g>\t\t<path d=\"M241,0c-8.284,0-15,6.716-15,15v61c0,8.284,6.716,15,15,15s15-6.716,15-15V15C256,6.716,249.284,0,241,0z\"><\/path>\t<\/g><\/g><g>\t<g>\t\t<path d=\"M509.388,488.541l-151.236-221.49C360.039,258.532,361,249.802,361,241c0-66.168-53.832-120-120-120s-120,53.832-120,120   c0,26.005,8.183,50.751,23.665,71.563c11.225,15.089,25.52,27.115,41.964,35.451l-38.998,58.496L118,367   c-2.831-3.774-7.272-5.997-11.99-6c-0.003,0-0.006,0-0.01,0c-4.714,0-9.154,2.216-11.988,5.984l-91,121   c-3.417,4.543-3.972,10.628-1.433,15.715C4.118,508.786,9.315,512,15,512c14.366,0,467.682,0,482,0   c5.562,0,10.667-3.078,13.264-7.996C512.861,499.086,512.524,493.134,509.388,488.541z M151,241c0-49.626,40.374-90,90-90   c44.26,0,81.158,32.115,88.621,74.266l-1.233-1.806c-2.796-4.095-7.433-6.542-12.387-6.542c-0.028,0-0.056,0-0.084,0   c-4.986,0.028-9.632,2.531-12.397,6.68l-60.557,90.841l-4.46-6.727c-2.775-4.186-7.46-6.705-12.483-6.711   c-0.006,0-0.012,0-0.019,0c-5.015,0-9.699,2.506-12.48,6.679l-10.097,15.145C171.664,308.316,151,276.685,151,241z M45.05,482   l60.934-81.022l30.369,40.492c2.921,3.895,7.557,6.126,12.416,5.994c4.866-0.135,9.364-2.623,12.065-6.673l65.132-97.697   L318.058,482H45.05z M354.053,482L260.94,341.555l55.209-82.818C327.36,275.156,460.693,470.428,468.595,482H354.053z\"><\/path>\t<\/g><\/g><g><\/g><g><\/g><g><\/g><g><\/g><g><\/g><g><\/g><g><\/g><g><\/g><g><\/g><g><\/g><g><\/g><g><\/g><g><\/g><g><\/g><g><\/g><\/svg>\t\t\t<\/span>\n\t\t\t\t\t\t\t\t\t<span class=\"elementor-button-text\">Rechercher<\/span>\n\t\t\t\t\t<\/span>\n\t\t\t\t\t<\/a>\n\t\t\t\t<\/div>\n\t\t\t\t\t\t\t\t<\/div>\n\t\t\t\t<\/div>\n\t\t\t\t\t<\/div>\n\t\t<\/div>\n\t\t\t\t\t<\/div>\n\t\t<\/section>\n\t\t\t\t\t<\/div>\n\t\t<\/div>\n\t\t\t\t\t<\/div>\n\t\t<\/section>\n\t\t\t\t<\/div>\n\t\t\t\t\t<\/div>\n\t\t\t<\/p>\n\t\t\t\t\t\t\t\t<\/div>\n\t\t\t\t<\/div>\n\t\t\t\t\t<\/div>\n\t\t<\/div>\n\t\t\t\t\t<\/div>\n\t\t<\/section>\n\t\t\t\t<section class=\"has_ae_slider elementor-section elementor-inner-section elementor-element elementor-element-0651992 elementor-section-content-top elementor-section-boxed elementor-section-height-default elementor-section-height-default ae-bg-gallery-type-default\" data-id=\"0651992\" data-element_type=\"section\" data-settings=\"{&quot;background_background&quot;:&quot;classic&quot;}\">\n\t\t\t\t\t\t<div class=\"elementor-container elementor-column-gap-default\">\n\t\t\t\t\t<div class=\"has_ae_slider elementor-column elementor-col-100 elementor-inner-column elementor-element elementor-element-0bf1de1 ae-bg-gallery-type-default\" data-id=\"0bf1de1\" data-element_type=\"column\">\n\t\t\t<div class=\"elementor-widget-wrap elementor-element-populated\">\n\t\t\t\t\t\t<div class=\"elementor-element elementor-element-cc95a42 elementor-hidden-phone elementor-widget elementor-widget-html\" data-id=\"cc95a42\" data-element_type=\"widget\" data-widget_type=\"html.default\">\n\t\t\t\t<div class=\"elementor-widget-container\">\n\t\t\t\t\t<iframe title=\"MyMagicMoment\" width=\"100%\" height=\"800\" src=\"https:\/\/my.walls.io\/7FPpMYbOc?nobackground=1&amp;show_header=0&amp;columns=3\">\n<\/iframe>\n\t\t\t\t<\/div>\n\t\t\t\t<\/div>\n\t\t\t\t<div class=\"elementor-element elementor-element-5b6fbd5 elementor-hidden-desktop elementor-hidden-tablet elementor-widget elementor-widget-html\" data-id=\"5b6fbd5\" data-element_type=\"widget\" data-widget_type=\"html.default\">\n\t\t\t\t<div class=\"elementor-widget-container\">\n\t\t\t\t\t<iframe title=\"MyMagicMoment\" width=\"100%\" height=\"800\" src=\"https:\/\/my.walls.io\/7FPpMYbOc?nobackground=1&amp;show_header=0&amp;columns=1\">\n<\/iframe>\n\t\t\t\t<\/div>\n\t\t\t\t<\/div>\n\t\t\t\t\t<\/div>\n\t\t<\/div>\n\t\t\t\t\t<\/div>\n\t\t<\/section>\n\t\t\t\t\t<\/div>\n\t\t<\/div>\n\t\t\t\t\t<\/div>\n\t\t<\/section>\n\t\t\t\t<\/div>\n\t\t","protected":false},"excerpt":{"rendered":"<p>Avez-vous v\u00e9cu une exp\u00e9rience surprenante et originale pendant une le\u00e7on \u00e0 l&rsquo;Ecole Suisse de Ski? Redonnez vie \u00e0 ce moment en le partageant sur instagram avec le hashtag #mymagicmoment.<\/p>\n","protected":false},"author":3,"featured_media":0,"parent":0,"menu_order":0,"comment_status":"closed","ping_status":"closed","template":"elementor_header_footer","meta":{"_acf_changed":false,"footnotes":""},"class_list":["post-2746","page","type-page","status-publish"],"acf":[],"yoast_head":"<!-- This site is optimized with the Yoast SEO plugin v26.0 - https:\/\/yoast.com\/wordpress\/plugins\/seo\/ -->\n<title>Mur d&#039;actualit\u00e9s Instagram #mymagicmoment.<\/title>\n<meta name=\"description\" content=\"Avez-vous v\u00e9cu une exp\u00e9rience surprenante et originale pendant une le\u00e7on \u00e0 l&#039;Ecole Suisse de Ski? Partagez-le sur instagram.\" \/>\n<meta name=\"robots\" content=\"index, follow, max-snippet:-1, max-image-preview:large, max-video-preview:-1\" \/>\n<link rel=\"canonical\" href=\"https:\/\/www.swiss-ski-school.ch\/fr\/mymagicmoment\/\" \/>\n<meta property=\"og:locale\" content=\"fr_FR\" \/>\n<meta property=\"og:type\" content=\"article\" \/>\n<meta property=\"og:title\" content=\"Mur d&#039;actualit\u00e9s Instagram #mymagicmoment.\" \/>\n<meta property=\"og:description\" content=\"Avez-vous v\u00e9cu une exp\u00e9rience surprenante et originale pendant une le\u00e7on \u00e0 l&#039;Ecole Suisse de Ski? Partagez-le sur instagram.\" \/>\n<meta property=\"og:url\" content=\"https:\/\/www.swiss-ski-school.ch\/fr\/mymagicmoment\/\" \/>\n<meta property=\"og:site_name\" content=\"Swiss Ski School\" \/>\n<meta property=\"article:modified_time\" content=\"2021-05-07T13:38:35+00:00\" \/>\n<meta name=\"twitter:card\" content=\"summary_large_image\" \/>\n<meta name=\"twitter:label1\" content=\"Dur\u00e9e de lecture estim\u00e9e\" \/>\n\t<meta name=\"twitter:data1\" content=\"5 minutes\" \/>\n<script type=\"application\/ld+json\" class=\"yoast-schema-graph\">{\"@context\":\"https:\/\/schema.org\",\"@graph\":[{\"@type\":\"WebPage\",\"@id\":\"https:\/\/www.swiss-ski-school.ch\/fr\/mymagicmoment\/\",\"url\":\"https:\/\/www.swiss-ski-school.ch\/fr\/mymagicmoment\/\",\"name\":\"Mur d'actualit\u00e9s Instagram #mymagicmoment.\",\"isPartOf\":{\"@id\":\"https:\/\/www.swiss-ski-school.ch\/fr\/#website\"},\"datePublished\":\"2021-05-07T13:38:34+00:00\",\"dateModified\":\"2021-05-07T13:38:35+00:00\",\"description\":\"Avez-vous v\u00e9cu une exp\u00e9rience surprenante et originale pendant une le\u00e7on \u00e0 l'Ecole Suisse de Ski? Partagez-le sur instagram.\",\"breadcrumb\":{\"@id\":\"https:\/\/www.swiss-ski-school.ch\/fr\/mymagicmoment\/#breadcrumb\"},\"inLanguage\":\"fr-FR\",\"potentialAction\":[{\"@type\":\"ReadAction\",\"target\":[\"https:\/\/www.swiss-ski-school.ch\/fr\/mymagicmoment\/\"]}]},{\"@type\":\"BreadcrumbList\",\"@id\":\"https:\/\/www.swiss-ski-school.ch\/fr\/mymagicmoment\/#breadcrumb\",\"itemListElement\":[{\"@type\":\"ListItem\",\"position\":1,\"name\":\"Accueil\",\"item\":\"https:\/\/www.swiss-ski-school.ch\/fr\/\"},{\"@type\":\"ListItem\",\"position\":2,\"name\":\"#MyMagicMoment\"}]},{\"@type\":\"WebSite\",\"@id\":\"https:\/\/www.swiss-ski-school.ch\/fr\/#website\",\"url\":\"https:\/\/www.swiss-ski-school.ch\/fr\/\",\"name\":\"Swiss Ski School\",\"description\":\"Swiss Ski School for everyone\",\"publisher\":{\"@id\":\"https:\/\/www.swiss-ski-school.ch\/fr\/#organization\"},\"potentialAction\":[{\"@type\":\"SearchAction\",\"target\":{\"@type\":\"EntryPoint\",\"urlTemplate\":\"https:\/\/www.swiss-ski-school.ch\/fr\/?s={search_term_string}\"},\"query-input\":{\"@type\":\"PropertyValueSpecification\",\"valueRequired\":true,\"valueName\":\"search_term_string\"}}],\"inLanguage\":\"fr-FR\"},{\"@type\":\"Organization\",\"@id\":\"https:\/\/www.swiss-ski-school.ch\/fr\/#organization\",\"name\":\"Swiss Ski School\",\"url\":\"https:\/\/www.swiss-ski-school.ch\/fr\/\",\"logo\":{\"@type\":\"ImageObject\",\"inLanguage\":\"fr-FR\",\"@id\":\"https:\/\/www.swiss-ski-school.ch\/fr\/#\/schema\/logo\/image\/\",\"url\":\"https:\/\/www.swiss-ski-school.ch\/wp-content\/uploads\/2021\/03\/Swiss-Ski-School-logo.svg\",\"contentUrl\":\"https:\/\/www.swiss-ski-school.ch\/wp-content\/uploads\/2021\/03\/Swiss-Ski-School-logo.svg\",\"width\":384,\"height\":192.96,\"caption\":\"Swiss Ski School\"},\"image\":{\"@id\":\"https:\/\/www.swiss-ski-school.ch\/fr\/#\/schema\/logo\/image\/\"}}]}<\/script>\n<!-- \/ Yoast SEO plugin. -->","yoast_head_json":{"title":"Mur d'actualit\u00e9s Instagram #mymagicmoment.","description":"Avez-vous v\u00e9cu une exp\u00e9rience surprenante et originale pendant une le\u00e7on \u00e0 l'Ecole Suisse de Ski? Partagez-le sur instagram.","robots":{"index":"index","follow":"follow","max-snippet":"max-snippet:-1","max-image-preview":"max-image-preview:large","max-video-preview":"max-video-preview:-1"},"canonical":"https:\/\/www.swiss-ski-school.ch\/fr\/mymagicmoment\/","og_locale":"fr_FR","og_type":"article","og_title":"Mur d'actualit\u00e9s Instagram #mymagicmoment.","og_description":"Avez-vous v\u00e9cu une exp\u00e9rience surprenante et originale pendant une le\u00e7on \u00e0 l'Ecole Suisse de Ski? Partagez-le sur instagram.","og_url":"https:\/\/www.swiss-ski-school.ch\/fr\/mymagicmoment\/","og_site_name":"Swiss Ski School","article_modified_time":"2021-05-07T13:38:35+00:00","twitter_card":"summary_large_image","twitter_misc":{"Dur\u00e9e de lecture estim\u00e9e":"5 minutes"},"schema":{"@context":"https:\/\/schema.org","@graph":[{"@type":"WebPage","@id":"https:\/\/www.swiss-ski-school.ch\/fr\/mymagicmoment\/","url":"https:\/\/www.swiss-ski-school.ch\/fr\/mymagicmoment\/","name":"Mur d'actualit\u00e9s Instagram #mymagicmoment.","isPartOf":{"@id":"https:\/\/www.swiss-ski-school.ch\/fr\/#website"},"datePublished":"2021-05-07T13:38:34+00:00","dateModified":"2021-05-07T13:38:35+00:00","description":"Avez-vous v\u00e9cu une exp\u00e9rience surprenante et originale pendant une le\u00e7on \u00e0 l'Ecole Suisse de Ski? Partagez-le sur instagram.","breadcrumb":{"@id":"https:\/\/www.swiss-ski-school.ch\/fr\/mymagicmoment\/#breadcrumb"},"inLanguage":"fr-FR","potentialAction":[{"@type":"ReadAction","target":["https:\/\/www.swiss-ski-school.ch\/fr\/mymagicmoment\/"]}]},{"@type":"BreadcrumbList","@id":"https:\/\/www.swiss-ski-school.ch\/fr\/mymagicmoment\/#breadcrumb","itemListElement":[{"@type":"ListItem","position":1,"name":"Accueil","item":"https:\/\/www.swiss-ski-school.ch\/fr\/"},{"@type":"ListItem","position":2,"name":"#MyMagicMoment"}]},{"@type":"WebSite","@id":"https:\/\/www.swiss-ski-school.ch\/fr\/#website","url":"https:\/\/www.swiss-ski-school.ch\/fr\/","name":"Swiss Ski School","description":"Swiss Ski School for everyone","publisher":{"@id":"https:\/\/www.swiss-ski-school.ch\/fr\/#organization"},"potentialAction":[{"@type":"SearchAction","target":{"@type":"EntryPoint","urlTemplate":"https:\/\/www.swiss-ski-school.ch\/fr\/?s={search_term_string}"},"query-input":{"@type":"PropertyValueSpecification","valueRequired":true,"valueName":"search_term_string"}}],"inLanguage":"fr-FR"},{"@type":"Organization","@id":"https:\/\/www.swiss-ski-school.ch\/fr\/#organization","name":"Swiss Ski School","url":"https:\/\/www.swiss-ski-school.ch\/fr\/","logo":{"@type":"ImageObject","inLanguage":"fr-FR","@id":"https:\/\/www.swiss-ski-school.ch\/fr\/#\/schema\/logo\/image\/","url":"https:\/\/www.swiss-ski-school.ch\/wp-content\/uploads\/2021\/03\/Swiss-Ski-School-logo.svg","contentUrl":"https:\/\/www.swiss-ski-school.ch\/wp-content\/uploads\/2021\/03\/Swiss-Ski-School-logo.svg","width":384,"height":192.96,"caption":"Swiss Ski School"},"image":{"@id":"https:\/\/www.swiss-ski-school.ch\/fr\/#\/schema\/logo\/image\/"}}]}},"_links":{"self":[{"href":"https:\/\/www.swiss-ski-school.ch\/fr\/wp-json\/wp\/v2\/pages\/2746","targetHints":{"allow":["GET"]}}],"collection":[{"href":"https:\/\/www.swiss-ski-school.ch\/fr\/wp-json\/wp\/v2\/pages"}],"about":[{"href":"https:\/\/www.swiss-ski-school.ch\/fr\/wp-json\/wp\/v2\/types\/page"}],"author":[{"embeddable":true,"href":"https:\/\/www.swiss-ski-school.ch\/fr\/wp-json\/wp\/v2\/users\/3"}],"replies":[{"embeddable":true,"href":"https:\/\/www.swiss-ski-school.ch\/fr\/wp-json\/wp\/v2\/comments?post=2746"}],"version-history":[{"count":0,"href":"https:\/\/www.swiss-ski-school.ch\/fr\/wp-json\/wp\/v2\/pages\/2746\/revisions"}],"wp:attachment":[{"href":"https:\/\/www.swiss-ski-school.ch\/fr\/wp-json\/wp\/v2\/media?parent=2746"}],"curies":[{"name":"wp","href":"https:\/\/api.w.org\/{rel}","templated":true}]}}