{"id":2224,"date":"2021-04-15T16:51:18","date_gmt":"2021-04-15T16:51:18","guid":{"rendered":"https:\/\/www.swiss-ski-school.ch\/imprint-dichiarazione-privacy\/"},"modified":"2023-04-21T09:05:58","modified_gmt":"2023-04-21T07:05:58","slug":"imprint-dichiarazione-privacy","status":"publish","type":"page","link":"https:\/\/www.swiss-ski-school.ch\/it\/imprint-dichiarazione-privacy\/","title":{"rendered":"Imprint &amp; Dichiarazione sulla privacy"},"content":{"rendered":"\t\t<div data-elementor-type=\"wp-page\" data-elementor-id=\"2224\" class=\"elementor elementor-2224 elementor-3\" data-elementor-post-type=\"page\">\n\t\t\t\t\t\t<section class=\"has_ae_slider elementor-section elementor-top-section elementor-element elementor-element-10b13db elementor-section-full_width wrapper-banner elementor-section-height-min-height elementor-section-height-default elementor-section-items-middle ae-bg-gallery-type-default\" data-id=\"10b13db\" data-element_type=\"section\" data-settings=\"{&quot;background_background&quot;:&quot;classic&quot;}\">\n\t\t\t\t\t\t\t<div class=\"elementor-background-overlay\"><\/div>\n\t\t\t\t\t\t\t<div class=\"elementor-container elementor-column-gap-default\">\n\t\t\t\t\t<div class=\"has_ae_slider elementor-column elementor-col-100 elementor-top-column elementor-element elementor-element-a66227a ae-bg-gallery-type-default\" data-id=\"a66227a\" data-element_type=\"column\">\n\t\t\t<div class=\"elementor-widget-wrap elementor-element-populated\">\n\t\t\t\t\t\t<section class=\"has_ae_slider elementor-section elementor-inner-section elementor-element elementor-element-dfbda4d elementor-section-height-min-height elementor-section-content-middle banner-sss elementor-section-boxed elementor-section-height-default ae-bg-gallery-type-default\" data-id=\"dfbda4d\" data-element_type=\"section\">\n\t\t\t\t\t\t<div class=\"elementor-container elementor-column-gap-default\">\n\t\t\t\t\t<div class=\"has_ae_slider elementor-column elementor-col-50 elementor-inner-column elementor-element elementor-element-10def6d ae-bg-gallery-type-default\" data-id=\"10def6d\" data-element_type=\"column\">\n\t\t\t<div class=\"elementor-widget-wrap elementor-element-populated\">\n\t\t\t\t\t\t<div class=\"elementor-element elementor-element-ac48aac elementor-widget elementor-widget-heading\" data-id=\"ac48aac\" data-element_type=\"widget\" data-widget_type=\"heading.default\">\n\t\t\t\t<div class=\"elementor-widget-container\">\n\t\t\t\t\t<h1 class=\"elementor-heading-title elementor-size-default\">Imprint &amp; Dichiarazione sulla privacy<\/h1>\t\t\t\t<\/div>\n\t\t\t\t<\/div>\n\t\t\t\t<div class=\"elementor-element elementor-element-a60b1c3 elementor-widget elementor-widget-heading\" data-id=\"a60b1c3\" data-element_type=\"widget\" data-widget_type=\"heading.default\">\n\t\t\t\t<div class=\"elementor-widget-container\">\n\t\t\t\t\t<h2 class=\"elementor-heading-title elementor-size-default\">Scuola Svizzera di Sci<\/h2>\t\t\t\t<\/div>\n\t\t\t\t<\/div>\n\t\t\t\t\t<\/div>\n\t\t<\/div>\n\t\t\t\t<div class=\"has_ae_slider elementor-column elementor-col-50 elementor-inner-column elementor-element elementor-element-cb60ef8 ae-bg-gallery-type-default\" data-id=\"cb60ef8\" data-element_type=\"column\">\n\t\t\t<div class=\"elementor-widget-wrap\">\n\t\t\t\t\t\t\t<\/div>\n\t\t<\/div>\n\t\t\t\t\t<\/div>\n\t\t<\/section>\n\t\t\t\t\t<\/div>\n\t\t<\/div>\n\t\t\t\t\t<\/div>\n\t\t<\/section>\n\t\t\t\t<section class=\"has_ae_slider elementor-section elementor-top-section elementor-element elementor-element-13a73c4 elementor-section-full_width wrapper-content elementor-section-height-min-height elementor-section-height-default elementor-section-items-middle ae-bg-gallery-type-default\" data-id=\"13a73c4\" data-element_type=\"section\">\n\t\t\t\t\t\t<div class=\"elementor-container elementor-column-gap-default\">\n\t\t\t\t\t<div class=\"has_ae_slider elementor-column elementor-col-100 elementor-top-column elementor-element elementor-element-95f828e ae-bg-gallery-type-default\" data-id=\"95f828e\" data-element_type=\"column\">\n\t\t\t<div class=\"elementor-widget-wrap elementor-element-populated\">\n\t\t\t\t\t\t<section class=\"has_ae_slider elementor-section elementor-inner-section elementor-element elementor-element-664946e elementor-section-content-top elementor-section-boxed elementor-section-height-default elementor-section-height-default ae-bg-gallery-type-default\" data-id=\"664946e\" data-element_type=\"section\" data-settings=\"{&quot;background_background&quot;:&quot;classic&quot;}\">\n\t\t\t\t\t\t<div class=\"elementor-container elementor-column-gap-default\">\n\t\t\t\t\t<div class=\"has_ae_slider elementor-column elementor-col-50 elementor-inner-column elementor-element elementor-element-b052f1e ae-bg-gallery-type-default\" data-id=\"b052f1e\" data-element_type=\"column\">\n\t\t\t<div class=\"elementor-widget-wrap elementor-element-populated\">\n\t\t\t\t\t\t<div class=\"elementor-element elementor-element-9be39e9 elementor-widget elementor-widget-heading\" data-id=\"9be39e9\" data-element_type=\"widget\" data-widget_type=\"heading.default\">\n\t\t\t\t<div class=\"elementor-widget-container\">\n\t\t\t\t\t<h3 class=\"elementor-heading-title elementor-size-default\">Editore del sito<\/h3>\t\t\t\t<\/div>\n\t\t\t\t<\/div>\n\t\t\t\t<div class=\"elementor-element elementor-element-d31f661 elementor-widget elementor-widget-text-editor\" data-id=\"d31f661\" data-element_type=\"widget\" data-widget_type=\"text-editor.default\">\n\t\t\t\t<div class=\"elementor-widget-container\">\n\t\t\t\t\t\t\t\t\t<p><strong>Swiss Snowsports<\/strong><br \/>H\u00fchnerhubelstrasse 95<br \/>3123 Belp &#8211; Schweiz<\/p>\n<p>Tel. +41 31 810 41 11<br \/>info@snowsports.ch<\/p>\n\t\t\t\t\t\t\t\t<\/div>\n\t\t\t\t<\/div>\n\t\t\t\t<div class=\"elementor-element elementor-element-a175b82 elementor-widget elementor-widget-heading\" data-id=\"a175b82\" data-element_type=\"widget\" data-widget_type=\"heading.default\">\n\t\t\t\t<div class=\"elementor-widget-container\">\n\t\t\t\t\t<h3 class=\"elementor-heading-title elementor-size-default\">Design grafico e sviluppo<\/h3>\t\t\t\t<\/div>\n\t\t\t\t<\/div>\n\t\t\t\t<div class=\"elementor-element elementor-element-7e280b7 elementor-widget elementor-widget-text-editor\" data-id=\"7e280b7\" data-element_type=\"widget\" data-widget_type=\"text-editor.default\">\n\t\t\t\t<div class=\"elementor-widget-container\">\n\t\t\t\t\t\t\t\t\t<p><b>e.Perspectives SA<br \/><\/b>Boulevard de Saint-Georges, 66<br \/>1205 Gen\u00e8ve &#8211; Suisse<\/p><p>Tel. +41 79 944 46 61<br \/><a href=\"https:\/\/www.e-perspectives.ch\/\" target=\"_blank\" rel=\"noopener\">Sito web<\/a><\/p>\t\t\t\t\t\t\t\t<\/div>\n\t\t\t\t<\/div>\n\t\t\t\t<div class=\"elementor-element elementor-element-fbd9e70 elementor-widget elementor-widget-heading\" data-id=\"fbd9e70\" data-element_type=\"widget\" data-widget_type=\"heading.default\">\n\t\t\t\t<div class=\"elementor-widget-container\">\n\t\t\t\t\t<h3 class=\"elementor-heading-title elementor-size-default\">Hosting<\/h3>\t\t\t\t<\/div>\n\t\t\t\t<\/div>\n\t\t\t\t<div class=\"elementor-element elementor-element-327c1f0 elementor-widget elementor-widget-text-editor\" data-id=\"327c1f0\" data-element_type=\"widget\" data-widget_type=\"text-editor.default\">\n\t\t\t\t<div class=\"elementor-widget-container\">\n\t\t\t\t\t\t\t\t\t<p><b>Infomaniak<br \/><\/b>Rue Eug\u00e8ne-Marziano 25<br \/>1227 Gen\u00e8ve &#8211; Suisse<\/p>\n<p>Tel. +41 22 820 35 44<br \/><a href=\"https:\/\/www.infomaniak.com\" target=\"_blank\" rel=\"noopener\">Sito web<\/a><\/p>\n\t\t\t\t\t\t\t\t<\/div>\n\t\t\t\t<\/div>\n\t\t\t\t<div class=\"elementor-element elementor-element-0ffce05 elementor-widget elementor-widget-heading\" data-id=\"0ffce05\" data-element_type=\"widget\" data-widget_type=\"heading.default\">\n\t\t\t\t<div class=\"elementor-widget-container\">\n\t\t\t\t\t<h3 class=\"elementor-heading-title elementor-size-default\">Regolamento generale sulla protezione dei dati dell'UE<\/h3>\t\t\t\t<\/div>\n\t\t\t\t<\/div>\n\t\t\t\t<div class=\"elementor-element elementor-element-648c91e elementor-widget elementor-widget-text-editor\" data-id=\"648c91e\" data-element_type=\"widget\" data-widget_type=\"text-editor.default\">\n\t\t\t\t<div class=\"elementor-widget-container\">\n\t\t\t\t\t\t\t\t\t<p>Caro ospite,<\/p>\n<p>Dopo l&#8217;entrata in vigore del regolamento generale sulla protezione dei dati dell&#8217;UE nel maggio 2018, all&#8217;interno dell&#8217;Unione Europea si stanno implementando nuove norme riguardanti i dati personali, il cui obiettivo \u00e8 un aumento della sicurezza. Abbiamo anche deciso di seguire questo nuovo regolamento, soprattutto per quanto riguarda i nostri ospiti dell&#8217;UE.<\/p>\n<p>Il nostro database contiene informazioni sul tuo indirizzo e sul tuo certificato di formazione. Se desideri che queste informazioni siano cancellate dai nostri archivi, inviaci una richiesta. Se non abbiamo notizie da voi, le conserveremo e continueremo a mandarvi tutte le notizie sulla nostra scuola.<\/p>\n<p>Vi ringraziamo per la vostra fiducia e speriamo di potervi accogliere di nuovo presto.<\/p>\n\t\t\t\t\t\t\t\t<\/div>\n\t\t\t\t<\/div>\n\t\t\t\t<div class=\"elementor-element elementor-element-3b753b0 elementor-widget elementor-widget-heading\" data-id=\"3b753b0\" data-element_type=\"widget\" data-widget_type=\"heading.default\">\n\t\t\t\t<div class=\"elementor-widget-container\">\n\t\t\t\t\t<h3 class=\"elementor-heading-title elementor-size-default\">Protezione dei dati<\/h3>\t\t\t\t<\/div>\n\t\t\t\t<\/div>\n\t\t\t\t<div class=\"elementor-element elementor-element-695818d elementor-widget elementor-widget-text-editor\" data-id=\"695818d\" data-element_type=\"widget\" data-widget_type=\"text-editor.default\">\n\t\t\t\t<div class=\"elementor-widget-container\">\n\t\t\t\t\t\t\t\t\t<p>Questo sito web utilizza Google Analytics, un servizio di analisi web di Google Inc. (Google). Google Analytics utilizza dei &#8220;cookies&#8221;, che sono file di testo che vengono depositati sul vostro computer per aiutare il sito web ad analizzare come gli utenti utilizzano il sito.<\/p>\n<p>Le informazioni generate dal cookie sull&#8217;utilizzo del sito web da parte vostra (compreso il vostro indirizzo IP) saranno trasmesse a un server di Google negli Stati Uniti e ivi memorizzate. Google utilizzer\u00e0 queste informazioni allo scopo di valutare il vostro utilizzo del sito web, compilare report sulle attivit\u00e0 del sito web per gli operatori del sito web e fornire altri servizi relativi alle attivit\u00e0 del sito web e all&#8217;utilizzo di Internet.<\/p>\n<p>Google pu\u00f2 anche trasferire queste informazioni a terzi ove ci\u00f2 sia imposto dalla legge o laddove tali terzi trattino le informazioni per conto di Google. Google non assocer\u00e0 il vostro indirizzo IP a nessun altro dato posseduto da Google. Pu\u00f2 rifiutare l&#8217;uso dei cookie selezionando le impostazioni appropriate sul suo browser. Tuttavia, vorremmo sottolineare che in questo caso potrebbe non essere in grado di utilizzare tutte le funzioni di questo sito web.<\/p>\n<p>Utilizzando il presente sito web, voi acconsentite al trattamento dei vostri dati da parte di Google nelle modalit\u00e0 e per le finalit\u00e0 di cui sopra.<\/p>\n\t\t\t\t\t\t\t\t<\/div>\n\t\t\t\t<\/div>\n\t\t\t\t\t<\/div>\n\t\t<\/div>\n\t\t\t\t<div class=\"has_ae_slider elementor-column elementor-col-50 elementor-inner-column elementor-element elementor-element-5008818 ae-bg-gallery-type-default\" data-id=\"5008818\" data-element_type=\"column\" data-settings=\"{&quot;background_background&quot;:&quot;classic&quot;}\">\n\t\t\t<div class=\"elementor-widget-wrap elementor-element-populated\">\n\t\t\t\t\t\t<div class=\"elementor-element elementor-element-3b028f7 elementor-widget elementor-widget-image\" data-id=\"3b028f7\" data-element_type=\"widget\" data-widget_type=\"image.default\">\n\t\t\t\t<div class=\"elementor-widget-container\">\n\t\t\t\t\t\t\t\t\t\t\t\t\t\t\t<img fetchpriority=\"high\" decoding=\"async\" width=\"384\" height=\"193\" src=\"https:\/\/www.swiss-ski-school.ch\/wp-content\/uploads\/2021\/03\/Swiss-Ski-School-logo.svg\" class=\"attachment-large size-large wp-image-194\" alt=\"Swiss Ski School\" \/>\t\t\t\t\t\t\t\t\t\t\t\t\t\t\t<\/div>\n\t\t\t\t<\/div>\n\t\t\t\t\t<\/div>\n\t\t<\/div>\n\t\t\t\t\t<\/div>\n\t\t<\/section>\n\t\t\t\t\t<\/div>\n\t\t<\/div>\n\t\t\t\t\t<\/div>\n\t\t<\/section>\n\t\t\t\t<\/div>\n\t\t","protected":false},"excerpt":{"rendered":"<p>Scuola Svizzera di Sci Editore del sito Swiss Snowsports H\u00fchnerhubelstrasse 95 3123 Belp &#8211; Schweiz Tel. +41 31 810 41 11 info@snowsports.ch Design grafico e sviluppo e.Perspectives SA Boulevard de Saint-Georges, 66 1205 Gen\u00e8ve &#8211; Suisse Tel. +41 79 944 46 61 Sito web Hosting Infomaniak Rue Eug\u00e8ne-Marziano 25 1227 Gen\u00e8ve &#8211; Suisse Tel. +41 &#8230; <a title=\"Imprint &amp; Dichiarazione sulla privacy\" class=\"read-more\" href=\"https:\/\/www.swiss-ski-school.ch\/it\/imprint-dichiarazione-privacy\/\" aria-label=\"More on Imprint &amp; Dichiarazione sulla privacy\">Leggi tutto<\/a><\/p>\n","protected":false},"author":1,"featured_media":0,"parent":0,"menu_order":0,"comment_status":"closed","ping_status":"open","template":"elementor_header_footer","meta":{"_acf_changed":false,"footnotes":""},"class_list":["post-2224","page","type-page","status-publish"],"acf":[],"yoast_head":"<!-- This site is optimized with the Yoast SEO plugin v26.0 - https:\/\/yoast.com\/wordpress\/plugins\/seo\/ -->\n<title>Imprint &amp; Dichiarazione sulla privacy | Swiss Ski School<\/title>\n<meta name=\"description\" content=\"Informazioni sulla dichiarazione sulla privacy, sui dati di contatto, sulla design grafico e sull&#039;hosting del sito web swiss-ski-school.ch.\" \/>\n<meta name=\"robots\" content=\"index, follow, max-snippet:-1, max-image-preview:large, max-video-preview:-1\" \/>\n<link rel=\"canonical\" href=\"https:\/\/www.swiss-ski-school.ch\/it\/imprint-dichiarazione-privacy\/\" \/>\n<meta property=\"og:locale\" content=\"it_IT\" \/>\n<meta property=\"og:type\" content=\"article\" \/>\n<meta property=\"og:title\" content=\"Imprint &amp; Dichiarazione sulla privacy | Swiss Ski School\" \/>\n<meta property=\"og:description\" content=\"Informazioni sulla dichiarazione sulla privacy, sui dati di contatto, sulla design grafico e sull&#039;hosting del sito web swiss-ski-school.ch.\" \/>\n<meta property=\"og:url\" content=\"https:\/\/www.swiss-ski-school.ch\/it\/imprint-dichiarazione-privacy\/\" \/>\n<meta property=\"og:site_name\" content=\"Swiss Ski School\" \/>\n<meta property=\"article:modified_time\" content=\"2023-04-21T07:05:58+00:00\" \/>\n<meta property=\"og:image\" content=\"https:\/\/www.swiss-ski-school.ch\/wp-content\/uploads\/2021\/03\/Swiss-Ski-School-logo.svg\" \/>\n<meta name=\"twitter:card\" content=\"summary_large_image\" \/>\n<meta name=\"twitter:label1\" content=\"Tempo di lettura stimato\" \/>\n\t<meta name=\"twitter:data1\" content=\"2 minuti\" \/>\n<script type=\"application\/ld+json\" class=\"yoast-schema-graph\">{\"@context\":\"https:\/\/schema.org\",\"@graph\":[{\"@type\":\"WebPage\",\"@id\":\"https:\/\/www.swiss-ski-school.ch\/it\/imprint-dichiarazione-privacy\/\",\"url\":\"https:\/\/www.swiss-ski-school.ch\/it\/imprint-dichiarazione-privacy\/\",\"name\":\"Imprint & Dichiarazione sulla privacy | Swiss Ski School\",\"isPartOf\":{\"@id\":\"https:\/\/www.swiss-ski-school.ch\/it\/#website\"},\"primaryImageOfPage\":{\"@id\":\"https:\/\/www.swiss-ski-school.ch\/it\/imprint-dichiarazione-privacy\/#primaryimage\"},\"image\":{\"@id\":\"https:\/\/www.swiss-ski-school.ch\/it\/imprint-dichiarazione-privacy\/#primaryimage\"},\"thumbnailUrl\":\"https:\/\/www.swiss-ski-school.ch\/wp-content\/uploads\/2021\/03\/Swiss-Ski-School-logo.svg\",\"datePublished\":\"2021-04-15T16:51:18+00:00\",\"dateModified\":\"2023-04-21T07:05:58+00:00\",\"description\":\"Informazioni sulla dichiarazione sulla privacy, sui dati di contatto, sulla design grafico e sull'hosting del sito web swiss-ski-school.ch.\",\"breadcrumb\":{\"@id\":\"https:\/\/www.swiss-ski-school.ch\/it\/imprint-dichiarazione-privacy\/#breadcrumb\"},\"inLanguage\":\"it-IT\",\"potentialAction\":[{\"@type\":\"ReadAction\",\"target\":[\"https:\/\/www.swiss-ski-school.ch\/it\/imprint-dichiarazione-privacy\/\"]}]},{\"@type\":\"ImageObject\",\"inLanguage\":\"it-IT\",\"@id\":\"https:\/\/www.swiss-ski-school.ch\/it\/imprint-dichiarazione-privacy\/#primaryimage\",\"url\":\"https:\/\/www.swiss-ski-school.ch\/wp-content\/uploads\/2021\/03\/Swiss-Ski-School-logo.svg\",\"contentUrl\":\"https:\/\/www.swiss-ski-school.ch\/wp-content\/uploads\/2021\/03\/Swiss-Ski-School-logo.svg\"},{\"@type\":\"BreadcrumbList\",\"@id\":\"https:\/\/www.swiss-ski-school.ch\/it\/imprint-dichiarazione-privacy\/#breadcrumb\",\"itemListElement\":[{\"@type\":\"ListItem\",\"position\":1,\"name\":\"Accueil\",\"item\":\"https:\/\/www.swiss-ski-school.ch\/it\/swiss-ski-school-for-everyone-in-summer\/\"},{\"@type\":\"ListItem\",\"position\":2,\"name\":\"Imprint &amp; Dichiarazione sulla privacy\"}]},{\"@type\":\"WebSite\",\"@id\":\"https:\/\/www.swiss-ski-school.ch\/it\/#website\",\"url\":\"https:\/\/www.swiss-ski-school.ch\/it\/\",\"name\":\"Swiss Ski School\",\"description\":\"Swiss Ski School for everyone\",\"publisher\":{\"@id\":\"https:\/\/www.swiss-ski-school.ch\/it\/#organization\"},\"potentialAction\":[{\"@type\":\"SearchAction\",\"target\":{\"@type\":\"EntryPoint\",\"urlTemplate\":\"https:\/\/www.swiss-ski-school.ch\/it\/?s={search_term_string}\"},\"query-input\":{\"@type\":\"PropertyValueSpecification\",\"valueRequired\":true,\"valueName\":\"search_term_string\"}}],\"inLanguage\":\"it-IT\"},{\"@type\":\"Organization\",\"@id\":\"https:\/\/www.swiss-ski-school.ch\/it\/#organization\",\"name\":\"Swiss Ski School\",\"url\":\"https:\/\/www.swiss-ski-school.ch\/it\/\",\"logo\":{\"@type\":\"ImageObject\",\"inLanguage\":\"it-IT\",\"@id\":\"https:\/\/www.swiss-ski-school.ch\/it\/#\/schema\/logo\/image\/\",\"url\":\"https:\/\/www.swiss-ski-school.ch\/wp-content\/uploads\/2021\/03\/Swiss-Ski-School-logo.svg\",\"contentUrl\":\"https:\/\/www.swiss-ski-school.ch\/wp-content\/uploads\/2021\/03\/Swiss-Ski-School-logo.svg\",\"width\":384,\"height\":192.96,\"caption\":\"Swiss Ski School\"},\"image\":{\"@id\":\"https:\/\/www.swiss-ski-school.ch\/it\/#\/schema\/logo\/image\/\"}}]}<\/script>\n<!-- \/ Yoast SEO plugin. -->","yoast_head_json":{"title":"Imprint & Dichiarazione sulla privacy | Swiss Ski School","description":"Informazioni sulla dichiarazione sulla privacy, sui dati di contatto, sulla design grafico e sull'hosting del sito web swiss-ski-school.ch.","robots":{"index":"index","follow":"follow","max-snippet":"max-snippet:-1","max-image-preview":"max-image-preview:large","max-video-preview":"max-video-preview:-1"},"canonical":"https:\/\/www.swiss-ski-school.ch\/it\/imprint-dichiarazione-privacy\/","og_locale":"it_IT","og_type":"article","og_title":"Imprint & Dichiarazione sulla privacy | Swiss Ski School","og_description":"Informazioni sulla dichiarazione sulla privacy, sui dati di contatto, sulla design grafico e sull'hosting del sito web swiss-ski-school.ch.","og_url":"https:\/\/www.swiss-ski-school.ch\/it\/imprint-dichiarazione-privacy\/","og_site_name":"Swiss Ski School","article_modified_time":"2023-04-21T07:05:58+00:00","og_image":[{"url":"https:\/\/www.swiss-ski-school.ch\/wp-content\/uploads\/2021\/03\/Swiss-Ski-School-logo.svg","type":"","width":"","height":""}],"twitter_card":"summary_large_image","twitter_misc":{"Tempo di lettura stimato":"2 minuti"},"schema":{"@context":"https:\/\/schema.org","@graph":[{"@type":"WebPage","@id":"https:\/\/www.swiss-ski-school.ch\/it\/imprint-dichiarazione-privacy\/","url":"https:\/\/www.swiss-ski-school.ch\/it\/imprint-dichiarazione-privacy\/","name":"Imprint & Dichiarazione sulla privacy | Swiss Ski School","isPartOf":{"@id":"https:\/\/www.swiss-ski-school.ch\/it\/#website"},"primaryImageOfPage":{"@id":"https:\/\/www.swiss-ski-school.ch\/it\/imprint-dichiarazione-privacy\/#primaryimage"},"image":{"@id":"https:\/\/www.swiss-ski-school.ch\/it\/imprint-dichiarazione-privacy\/#primaryimage"},"thumbnailUrl":"https:\/\/www.swiss-ski-school.ch\/wp-content\/uploads\/2021\/03\/Swiss-Ski-School-logo.svg","datePublished":"2021-04-15T16:51:18+00:00","dateModified":"2023-04-21T07:05:58+00:00","description":"Informazioni sulla dichiarazione sulla privacy, sui dati di contatto, sulla design grafico e sull'hosting del sito web swiss-ski-school.ch.","breadcrumb":{"@id":"https:\/\/www.swiss-ski-school.ch\/it\/imprint-dichiarazione-privacy\/#breadcrumb"},"inLanguage":"it-IT","potentialAction":[{"@type":"ReadAction","target":["https:\/\/www.swiss-ski-school.ch\/it\/imprint-dichiarazione-privacy\/"]}]},{"@type":"ImageObject","inLanguage":"it-IT","@id":"https:\/\/www.swiss-ski-school.ch\/it\/imprint-dichiarazione-privacy\/#primaryimage","url":"https:\/\/www.swiss-ski-school.ch\/wp-content\/uploads\/2021\/03\/Swiss-Ski-School-logo.svg","contentUrl":"https:\/\/www.swiss-ski-school.ch\/wp-content\/uploads\/2021\/03\/Swiss-Ski-School-logo.svg"},{"@type":"BreadcrumbList","@id":"https:\/\/www.swiss-ski-school.ch\/it\/imprint-dichiarazione-privacy\/#breadcrumb","itemListElement":[{"@type":"ListItem","position":1,"name":"Accueil","item":"https:\/\/www.swiss-ski-school.ch\/it\/swiss-ski-school-for-everyone-in-summer\/"},{"@type":"ListItem","position":2,"name":"Imprint &amp; Dichiarazione sulla privacy"}]},{"@type":"WebSite","@id":"https:\/\/www.swiss-ski-school.ch\/it\/#website","url":"https:\/\/www.swiss-ski-school.ch\/it\/","name":"Swiss Ski School","description":"Swiss Ski School for everyone","publisher":{"@id":"https:\/\/www.swiss-ski-school.ch\/it\/#organization"},"potentialAction":[{"@type":"SearchAction","target":{"@type":"EntryPoint","urlTemplate":"https:\/\/www.swiss-ski-school.ch\/it\/?s={search_term_string}"},"query-input":{"@type":"PropertyValueSpecification","valueRequired":true,"valueName":"search_term_string"}}],"inLanguage":"it-IT"},{"@type":"Organization","@id":"https:\/\/www.swiss-ski-school.ch\/it\/#organization","name":"Swiss Ski School","url":"https:\/\/www.swiss-ski-school.ch\/it\/","logo":{"@type":"ImageObject","inLanguage":"it-IT","@id":"https:\/\/www.swiss-ski-school.ch\/it\/#\/schema\/logo\/image\/","url":"https:\/\/www.swiss-ski-school.ch\/wp-content\/uploads\/2021\/03\/Swiss-Ski-School-logo.svg","contentUrl":"https:\/\/www.swiss-ski-school.ch\/wp-content\/uploads\/2021\/03\/Swiss-Ski-School-logo.svg","width":384,"height":192.96,"caption":"Swiss Ski School"},"image":{"@id":"https:\/\/www.swiss-ski-school.ch\/it\/#\/schema\/logo\/image\/"}}]}},"_links":{"self":[{"href":"https:\/\/www.swiss-ski-school.ch\/it\/wp-json\/wp\/v2\/pages\/2224","targetHints":{"allow":["GET"]}}],"collection":[{"href":"https:\/\/www.swiss-ski-school.ch\/it\/wp-json\/wp\/v2\/pages"}],"about":[{"href":"https:\/\/www.swiss-ski-school.ch\/it\/wp-json\/wp\/v2\/types\/page"}],"author":[{"embeddable":true,"href":"https:\/\/www.swiss-ski-school.ch\/it\/wp-json\/wp\/v2\/users\/1"}],"replies":[{"embeddable":true,"href":"https:\/\/www.swiss-ski-school.ch\/it\/wp-json\/wp\/v2\/comments?post=2224"}],"version-history":[{"count":0,"href":"https:\/\/www.swiss-ski-school.ch\/it\/wp-json\/wp\/v2\/pages\/2224\/revisions"}],"wp:attachment":[{"href":"https:\/\/www.swiss-ski-school.ch\/it\/wp-json\/wp\/v2\/media?parent=2224"}],"curies":[{"name":"wp","href":"https:\/\/api.w.org\/{rel}","templated":true}]}}